 {"id":3,"date":"2022-10-24T13:06:00","date_gmt":"2022-10-24T10:06:00","guid":{"rendered":"https:\/\/disco.teak.fi\/anttila2022\/?page_id=3"},"modified":"2026-01-07T14:58:46","modified_gmt":"2026-01-07T12:58:46","slug":"tietosuojaseloste","status":"publish","type":"page","link":"https:\/\/disco.teak.fi\/anttila\/tietosuojaseloste\/","title":{"rendered":"Tietosuojaseloste"},"content":{"rendered":"\n<h2 class=\"wp-block-heading\">Keit\u00e4 olemme<\/h2>\n\n\n\n<p>Verkkosivuston osoite on https:\/\/disco.teak.fi\/anttila<\/p>\n\n\n\n<h2 class=\"wp-block-heading\">Mit\u00e4 henkil\u00f6tietoa ker\u00e4\u00e4mme ja miksi<\/h2>\n\n\n\n<p>Emme ker\u00e4\u00e4 henkil\u00f6tietoja. Vierailijat eiv\u00e4t voi kommentoida tai ladata kuvia t\u00e4lle sivustolle. <\/p>\n\n\n\n<h2 class=\"wp-block-heading\">Ev\u00e4steet <\/h2>\n\n\n\n<p>T\u00e4ss\u00e4 verkkopalvelussa ei k\u00e4ytet\u00e4 ev\u00e4steit\u00e4 eik\u00e4 muita k\u00e4ytt\u00e4j\u00e4n p\u00e4\u00e4telaitteelle tallennettavia seurantatekniikoita.<\/p>\n\n\n\n<h2 class=\"wp-block-heading\">Upotettu sis\u00e4lt\u00f6 muilta verkkosivustoilta <\/h2>\n\n\n\n<p>T\u00e4ll\u00e4 sivustolla ei ole upotettua sis\u00e4lt\u00f6\u00e4.<\/p>\n\n\n\n<h2 class=\"wp-block-heading\">Analytiikka<\/h2>\n\n\n\n<p>Emme tee k\u00e4vij\u00e4seurantaa sivustollamme.<\/p>\n","protected":false},"excerpt":{"rendered":"<p>Keit\u00e4 olemme Verkkosivuston osoite on https:\/\/disco.teak.fi\/anttila Mit\u00e4 henkil\u00f6tietoa ker\u00e4\u00e4mme ja miksi Emme ker\u00e4\u00e4 henkil\u00f6tietoja. Vierailijat [&hellip;]<\/p>\n","protected":false},"author":1,"featured_media":0,"parent":0,"menu_order":0,"comment_status":"closed","ping_status":"closed","template":"","meta":{"_acf_changed":false,"footnotes":""},"class_list":["post-3","page","type-page","status-publish","hentry"],"acf":[],"_links":{"self":[{"href":"https:\/\/disco.teak.fi\/anttila\/wp-json\/wp\/v2\/pages\/3","targetHints":{"allow":["GET"]}}],"collection":[{"href":"https:\/\/disco.teak.fi\/anttila\/wp-json\/wp\/v2\/pages"}],"about":[{"href":"https:\/\/disco.teak.fi\/anttila\/wp-json\/wp\/v2\/types\/page"}],"author":[{"embeddable":true,"href":"https:\/\/disco.teak.fi\/anttila\/wp-json\/wp\/v2\/users\/1"}],"replies":[{"embeddable":true,"href":"https:\/\/disco.teak.fi\/anttila\/wp-json\/wp\/v2\/comments?post=3"}],"version-history":[{"count":6,"href":"https:\/\/disco.teak.fi\/anttila\/wp-json\/wp\/v2\/pages\/3\/revisions"}],"predecessor-version":[{"id":557,"href":"https:\/\/disco.teak.fi\/anttila\/wp-json\/wp\/v2\/pages\/3\/revisions\/557"}],"wp:attachment":[{"href":"https:\/\/disco.teak.fi\/anttila\/wp-json\/wp\/v2\/media?parent=3"}],"curies":[{"name":"wp","href":"https:\/\/api.w.org\/{rel}","templated":true}]}}