 {"id":398,"date":"2022-10-31T14:41:40","date_gmt":"2022-10-31T12:41:40","guid":{"rendered":"https:\/\/disco.teak.fi\/anttila2022\/?page_id=398"},"modified":"2025-12-15T13:06:37","modified_gmt":"2025-12-15T11:06:37","slug":"saavutettavuusseloste","status":"publish","type":"page","link":"https:\/\/disco.teak.fi\/anttila\/saavutettavuusseloste\/","title":{"rendered":"Saavutettavuusseloste"},"content":{"rendered":"\n<p>T\u00e4m\u00e4 saavutettavuusseloste koskee disco.teak.fi\/anttila verkkosivustoa ja on laadittu 27.10.2022.<\/p>\n\n\n\n<h3 class=\"wp-block-heading\">Digipalvelun saavutettavuuden tila<\/h3>\n\n\n\n<p>T\u00e4ytt\u00e4\u00e4 kriittiset saavutettavuusvaatimukset.<\/p>\n\n\n\n<p>Saavutettavuus on otettu huomioon sivustolla jo monelta osin eritt\u00e4in hyvin. T\u00e4m\u00e4 n\u00e4kyy etenkin tekstien ja k\u00e4ytt\u00f6liittym\u00e4elementtien kontrasteissa, sivujen sis\u00e4lt\u00f6jen HTML-rakenteissa.<\/p>\n\n\n\n<h2 class=\"wp-block-heading\">Verkkosivusto ei ole viel\u00e4 kaikilta osin vaatimusten mukainen<\/h2>\n\n\n\n<h3 class=\"wp-block-heading\">Ep\u00e4selvi\u00e4 linkkitekstej\u00e4<\/h3>\n\n\n\n<p>Osalla sivuista linkkitekstin tarkoitus ei ole kaikissa tilanteissa yksiselitteinen.<\/p>\n\n\n\n<p>Saavutettavuusvaatimus, joka ei t\u00e4yty: 2.4.4 Linkin tarkoitus (kontekstissa)<\/p>\n\n\n\n<h2 class=\"wp-block-heading\">L\u00e4het\u00e4 meille palautetta saavutettavuuspuutteista<\/h2>\n\n\n\n<p>Huomasitko saavutettavuuspuutteen digipalvelussamme? Kerro se meille ja teemme parhaamme puutteen korjaamiseksi<\/p>\n\n\n\n<h3 class=\"wp-block-heading\">S\u00e4hk\u00f6postilla<\/h3>\n\n\n\n<p>L\u00e4het\u00e4 palaute osoitteeseen verkkosisallot(at)uniarts.fi. Vastaamme sinulle mahdollisimman pian.<\/p>\n\n\n\n<h2 class=\"wp-block-heading\">Valvontaviranomainen<\/h2>\n\n\n\n<p>Jos huomaat sivustolla saavutettavuusongelmia, anna ensin palautetta meille eli sivuston yll\u00e4pit\u00e4j\u00e4lle. Vastauksessa voi menn\u00e4 14 p\u00e4iv\u00e4\u00e4. Jos et ole tyytyv\u00e4inen saamaasi vastaukseen tai et saa vastausta lainkaan kahden viikon aikana, voit tehd\u00e4 ilmoituksen Liikenne- ja viestint\u00e4virasto Traficomiin.<\/p>\n\n\n\n<h3 class=\"wp-block-heading\">Valvontaviranomaisen yhteystiedot<\/h3>\n\n\n\n<p>Liikenne- ja viestint\u00e4virasto Traficom<br>Digitaalisen esteett\u00f6myyden ja saavutettavuuden valvontayksikk\u00f6<br>www.saavutettavuusvaatimukset.fi<br>saavutettavuus(at)traficom.fi<br>puhelinnumero vaihde 029 534 5000<\/p>\n","protected":false},"excerpt":{"rendered":"<p>T\u00e4m\u00e4 saavutettavuusseloste koskee disco.teak.fi\/anttila verkkosivustoa ja on laadittu 27.10.2022. Digipalvelun saavutettavuuden tila T\u00e4ytt\u00e4\u00e4 kriittiset saavutettavuusvaatimukset. [&hellip;]<\/p>\n","protected":false},"author":2,"featured_media":0,"parent":0,"menu_order":0,"comment_status":"closed","ping_status":"closed","template":"","meta":{"_acf_changed":false,"footnotes":""},"class_list":["post-398","page","type-page","status-publish","hentry"],"acf":[],"_links":{"self":[{"href":"https:\/\/disco.teak.fi\/anttila\/wp-json\/wp\/v2\/pages\/398","targetHints":{"allow":["GET"]}}],"collection":[{"href":"https:\/\/disco.teak.fi\/anttila\/wp-json\/wp\/v2\/pages"}],"about":[{"href":"https:\/\/disco.teak.fi\/anttila\/wp-json\/wp\/v2\/types\/page"}],"author":[{"embeddable":true,"href":"https:\/\/disco.teak.fi\/anttila\/wp-json\/wp\/v2\/users\/2"}],"replies":[{"embeddable":true,"href":"https:\/\/disco.teak.fi\/anttila\/wp-json\/wp\/v2\/comments?post=398"}],"version-history":[{"count":9,"href":"https:\/\/disco.teak.fi\/anttila\/wp-json\/wp\/v2\/pages\/398\/revisions"}],"predecessor-version":[{"id":553,"href":"https:\/\/disco.teak.fi\/anttila\/wp-json\/wp\/v2\/pages\/398\/revisions\/553"}],"wp:attachment":[{"href":"https:\/\/disco.teak.fi\/anttila\/wp-json\/wp\/v2\/media?parent=398"}],"curies":[{"name":"wp","href":"https:\/\/api.w.org\/{rel}","templated":true}]}}