 {"id":5188,"date":"2022-11-28T15:15:10","date_gmt":"2022-11-28T13:15:10","guid":{"rendered":"https:\/\/disco.teak.fi\/esityspaikka\/?page_id=5188"},"modified":"2026-01-07T14:55:42","modified_gmt":"2026-01-07T12:55:42","slug":"tietosuojaseloste","status":"publish","type":"page","link":"https:\/\/disco.teak.fi\/esityspaikka\/tietosuojaseloste\/","title":{"rendered":"Tietosuojaseloste"},"content":{"rendered":"\n<h2>Keit\u00e4 olemme<\/h2>\n\n\n\n<p>Verkkosivuston osoite on https:\/\/disco.teak.fi\/esityspaikka<\/p>\n\n\n\n<h2>Mit\u00e4 henkil\u00f6tietoa ker\u00e4\u00e4mme ja miksi<\/h2>\n\n\n\n<p>Emme ker\u00e4\u00e4 henkil\u00f6tietoja. Vierailijat eiv\u00e4t voi kommentoida tai ladata kuvia t\u00e4lle sivustolle. <\/p>\n\n\n\n<h2>Ev\u00e4steet <\/h2>\n\n\n\n<p>T\u00e4ss\u00e4 verkkopalvelussa ei k\u00e4ytet\u00e4 ev\u00e4steit\u00e4 eik\u00e4 muita k\u00e4ytt\u00e4j\u00e4n p\u00e4\u00e4telaitteelle tallennettavia seurantatekniikoita.<\/p>\n\n\n\n<h2>Upotettu sis\u00e4lt\u00f6 muilta verkkosivustoilta <\/h2>\n\n\n\n<p>Muiden verkkosivustojen upotettu sis\u00e4lt\u00f6 k\u00e4ytt\u00e4ytyy t\u00e4sm\u00e4lleen samalla tavalla kuin k\u00e4vij\u00e4 olisi k\u00e4ynyt toisella verkkosivustolla. <\/p>\n\n\n\n<p>N\u00e4m\u00e4 verkkosivustot voivat ker\u00e4t\u00e4 tietoja sinusta, k\u00e4ytt\u00e4\u00e4 ev\u00e4steit\u00e4, upottaa kolmannen osapuolen lis\u00e4seurantaa ja valvoa vuorovaikutustasi kyseisen upotetun sis\u00e4ll\u00f6n kanssa, mukaan lukien seurata vuorovaikutusta upotetun sis\u00e4ll\u00f6n kanssa, jos sinulla on tili ja olet kirjautunut sis\u00e4\u00e4n kyseiselle verkkosivustolle.<\/p>\n\n\n\n<p>T\u00e4ll\u00e4 sivustolla on upotettuja videoita Vimeo-suoratoistopalvelusta. Katso <a rel=\"noreferrer noopener\" href=\"https:\/\/vimeo.com\/cookie_policy\" target=\"_blank\">Vimeon tietosuojaseloste<\/a>.<\/p>\n\n\n\n<h2>Analytiikka<\/h2>\n\n\n\n<p>Emme tee k\u00e4vij\u00e4seurantaa sivustollamme.<\/p>\n","protected":false},"excerpt":{"rendered":"<p>Keit\u00e4 olemme Verkkosivuston osoite on https:\/\/disco.teak.fi\/esityspaikka Mit\u00e4 henkil\u00f6tietoa ker\u00e4\u00e4mme ja miksi Emme ker\u00e4\u00e4 henkil\u00f6tietoja. Vierailijat [&hellip;]<\/p>\n","protected":false},"author":2,"featured_media":0,"parent":0,"menu_order":0,"comment_status":"closed","ping_status":"closed","template":"","meta":[],"acf":[],"_links":{"self":[{"href":"https:\/\/disco.teak.fi\/esityspaikka\/wp-json\/wp\/v2\/pages\/5188"}],"collection":[{"href":"https:\/\/disco.teak.fi\/esityspaikka\/wp-json\/wp\/v2\/pages"}],"about":[{"href":"https:\/\/disco.teak.fi\/esityspaikka\/wp-json\/wp\/v2\/types\/page"}],"author":[{"embeddable":true,"href":"https:\/\/disco.teak.fi\/esityspaikka\/wp-json\/wp\/v2\/users\/2"}],"replies":[{"embeddable":true,"href":"https:\/\/disco.teak.fi\/esityspaikka\/wp-json\/wp\/v2\/comments?post=5188"}],"version-history":[{"count":6,"href":"https:\/\/disco.teak.fi\/esityspaikka\/wp-json\/wp\/v2\/pages\/5188\/revisions"}],"predecessor-version":[{"id":5407,"href":"https:\/\/disco.teak.fi\/esityspaikka\/wp-json\/wp\/v2\/pages\/5188\/revisions\/5407"}],"wp:attachment":[{"href":"https:\/\/disco.teak.fi\/esityspaikka\/wp-json\/wp\/v2\/media?parent=5188"}],"curies":[{"name":"wp","href":"https:\/\/api.w.org\/{rel}","templated":true}]}}