 {"id":3,"date":"2022-09-06T14:48:16","date_gmt":"2022-09-06T13:48:16","guid":{"rendered":"https:\/\/disco.teak.fi\/taiteellinen-tutkimus\/?page_id=3"},"modified":"2026-01-07T14:29:33","modified_gmt":"2026-01-07T12:29:33","slug":"tietosuojaseloste","status":"publish","type":"page","link":"https:\/\/disco.teak.fi\/taiteellinen-tutkimus\/tietosuojaseloste\/","title":{"rendered":"Tietosuojaseloste"},"content":{"rendered":"\n<h2 class=\"wp-block-heading\">Keit\u00e4 olemme<\/h2>\n\n\n\n<p>Verkkosivuston osoite on https:\/\/disco.teak.fi\/taiteellinen-tutkimus.<\/p>\n\n\n\n<h2 class=\"wp-block-heading\">Mit\u00e4 henkil\u00f6tietoa ker\u00e4\u00e4mme ja miksi<\/h2>\n\n\n\n<p>Emme ker\u00e4\u00e4 henkil\u00f6tietoja. Vierailijat eiv\u00e4t voi kommentoida tai ladata kuvia t\u00e4lle sivustolle.&nbsp;<\/p>\n\n\n\n<h2 class=\"wp-block-heading\">Ev\u00e4steet<\/h2>\n\n\n\n<p>Sivusto k\u00e4ytt\u00e4\u00e4 v\u00e4ltt\u00e4m\u00e4t\u00f6nt\u00e4 ev\u00e4stett\u00e4 k\u00e4ytt\u00e4j\u00e4n valitseman kieliasetuksen tallentamiseen. Ev\u00e4ste mahdollistaa sivuston sis\u00e4ll\u00f6n n\u00e4ytt\u00e4misen k\u00e4ytt\u00e4j\u00e4n valitsemalla kielell\u00e4 eik\u00e4 sit\u00e4 k\u00e4ytet\u00e4 muihin tarkoituksiin.<\/p>\n\n\n\n<h2 class=\"wp-block-heading\">Upotettu sis\u00e4lt\u00f6 muilta verkkosivustoilta&nbsp;<\/h2>\n\n\n\n<p>T\u00e4ll\u00e4 sivustolla on ei ole upotettua sis\u00e4lt\u00f6\u00e4 muilta verkkosivuilta.<\/p>\n\n\n\n<h2 class=\"wp-block-heading\">Analytiikka<\/h2>\n\n\n\n<p>Emme tee k\u00e4vij\u00e4seurantaa sivustollamme.<\/p>\n","protected":false},"excerpt":{"rendered":"<p>Keit\u00e4 olemme Verkkosivuston osoite on https:\/\/disco.teak.fi\/taiteellinen-tutkimus. Mit\u00e4 henkil\u00f6tietoa ker\u00e4\u00e4mme ja miksi Emme ker\u00e4\u00e4 henkil\u00f6tietoja. Vierailijat [&hellip;]<\/p>\n","protected":false},"author":1,"featured_media":0,"parent":0,"menu_order":0,"comment_status":"closed","ping_status":"open","template":"","meta":{"_acf_changed":false,"footnotes":""},"class_list":["post-3","page","type-page","status-publish","hentry"],"acf":[],"_links":{"self":[{"href":"https:\/\/disco.teak.fi\/taiteellinen-tutkimus\/wp-json\/wp\/v2\/pages\/3","targetHints":{"allow":["GET"]}}],"collection":[{"href":"https:\/\/disco.teak.fi\/taiteellinen-tutkimus\/wp-json\/wp\/v2\/pages"}],"about":[{"href":"https:\/\/disco.teak.fi\/taiteellinen-tutkimus\/wp-json\/wp\/v2\/types\/page"}],"author":[{"embeddable":true,"href":"https:\/\/disco.teak.fi\/taiteellinen-tutkimus\/wp-json\/wp\/v2\/users\/1"}],"replies":[{"embeddable":true,"href":"https:\/\/disco.teak.fi\/taiteellinen-tutkimus\/wp-json\/wp\/v2\/comments?post=3"}],"version-history":[{"count":3,"href":"https:\/\/disco.teak.fi\/taiteellinen-tutkimus\/wp-json\/wp\/v2\/pages\/3\/revisions"}],"predecessor-version":[{"id":1632,"href":"https:\/\/disco.teak.fi\/taiteellinen-tutkimus\/wp-json\/wp\/v2\/pages\/3\/revisions\/1632"}],"wp:attachment":[{"href":"https:\/\/disco.teak.fi\/taiteellinen-tutkimus\/wp-json\/wp\/v2\/media?parent=3"}],"curies":[{"name":"wp","href":"https:\/\/api.w.org\/{rel}","templated":true}]}}