{"id":2131,"date":"2025-12-03T12:18:34","date_gmt":"2025-12-03T09:18:34","guid":{"rendered":"https:\/\/dev.wrkshp.fi\/tanssi\/?page_id=2131"},"modified":"2026-01-07T16:15:48","modified_gmt":"2026-01-07T13:15:48","slug":"tietosuojaseloste","status":"publish","type":"page","link":"https:\/\/disco.teak.fi\/tanssi\/tietosuojaseloste\/","title":{"rendered":"Tietosuojaseloste"},"content":{"rendered":"\n<h2 class=\"wp-block-heading\">Keit\u00e4 olemme<\/h2>\n\n\n\n<p>Verkkosivuston osoite on https:\/\/disco.teak.fi\/tanssi.<\/p>\n\n\n\n<h2 class=\"wp-block-heading\">Mit\u00e4 henkil\u00f6tietoa ker\u00e4\u00e4mme ja miksi<\/h2>\n\n\n\n<p>Emme ker\u00e4\u00e4 henkil\u00f6tietoja. Vierailijat eiv\u00e4t voi kommentoida tai ladata kuvia t\u00e4lle sivustolle.&nbsp;<\/p>\n\n\n\n<h2 class=\"wp-block-heading\">Ev\u00e4steet&nbsp;<\/h2>\n\n\n\n<p>T\u00e4ss\u00e4 verkkopalvelussa ei k\u00e4ytet\u00e4 ev\u00e4steit\u00e4 eik\u00e4 muita k\u00e4ytt\u00e4j\u00e4n p\u00e4\u00e4telaitteelle tallennettavia seurantatekniikoita.<\/p>\n\n\n\n<h2 class=\"wp-block-heading\">Upotettu sis\u00e4lt\u00f6 muilta verkkosivustoilta&nbsp;<\/h2>\n\n\n\n<p>T\u00e4ll\u00e4 sivustolla on ei ole upotettua sis\u00e4lt\u00f6\u00e4 muilta verkkosivuilta.<\/p>\n\n\n\n<h2 class=\"wp-block-heading\">Analytiikka<\/h2>\n\n\n\n<p>Emme tee k\u00e4vij\u00e4seurantaa sivustollamme.<\/p>\n","protected":false},"excerpt":{"rendered":"<p>Keit\u00e4 olemme Verkkosivuston osoite on https:\/\/disco.teak.fi\/tanssi. Mit\u00e4 henkil\u00f6tietoa ker\u00e4\u00e4mme ja miksi Emme ker\u00e4\u00e4 henkil\u00f6tietoja. Vierailijat [&hellip;]<\/p>\n","protected":false},"author":2,"featured_media":0,"parent":0,"menu_order":0,"comment_status":"closed","ping_status":"closed","template":"","meta":{"footnotes":""},"class_list":["post-2131","page","type-page","status-publish","hentry"],"_links":{"self":[{"href":"https:\/\/disco.teak.fi\/tanssi\/wp-json\/wp\/v2\/pages\/2131","targetHints":{"allow":["GET"]}}],"collection":[{"href":"https:\/\/disco.teak.fi\/tanssi\/wp-json\/wp\/v2\/pages"}],"about":[{"href":"https:\/\/disco.teak.fi\/tanssi\/wp-json\/wp\/v2\/types\/page"}],"author":[{"embeddable":true,"href":"https:\/\/disco.teak.fi\/tanssi\/wp-json\/wp\/v2\/users\/2"}],"replies":[{"embeddable":true,"href":"https:\/\/disco.teak.fi\/tanssi\/wp-json\/wp\/v2\/comments?post=2131"}],"version-history":[{"count":2,"href":"https:\/\/disco.teak.fi\/tanssi\/wp-json\/wp\/v2\/pages\/2131\/revisions"}],"predecessor-version":[{"id":2223,"href":"https:\/\/disco.teak.fi\/tanssi\/wp-json\/wp\/v2\/pages\/2131\/revisions\/2223"}],"wp:attachment":[{"href":"https:\/\/disco.teak.fi\/tanssi\/wp-json\/wp\/v2\/media?parent=2131"}],"curies":[{"name":"wp","href":"https:\/\/api.w.org\/{rel}","templated":true}]}}