{"id":2232,"date":"2025-11-17T15:59:30","date_gmt":"2025-11-17T12:59:30","guid":{"rendered":"https:\/\/dev.wrkshp.fi\/teatteri\/?page_id=2232"},"modified":"2025-12-10T14:50:47","modified_gmt":"2025-12-10T12:50:47","slug":"tillganglighetsutlatande","status":"publish","type":"page","link":"https:\/\/disco.teak.fi\/teatteri\/sv\/tillganglighetsutlatande\/","title":{"rendered":"Till\u00adg\u00e4ng\u00adlig\u00adhets\u00adut\u00adl\u00e5\u00adtan\u00adde"},"content":{"rendered":"\n<p>Detta tillg\u00e4nglighetsutl\u00e5tande g\u00e4ller webbplatsen disco.teak.fi\/teatteri\/sv och har utarbetats 17.11.2025.<\/p>\n\n\n\n<h2 class=\"wp-block-heading\">Den digitala tj\u00e4nstens webbtillg\u00e4nglighet<\/h2>\n\n\n\n<p>Uppfyller de kritiska tillg\u00e4nglighetskraven.<\/p>\n\n\n\n<p>Tillg\u00e4ngligheten har redan till m\u00e5nga delar beaktats mycket v\u00e4l p\u00e5 webbplatsen. Detta syns s\u00e4rskilt i kontrasten mellan texter och gr\u00e4nssnittselement, HTML-strukturen f\u00f6r sidornas inneh\u00e5ll.<\/p>\n\n\n\n<h3 class=\"wp-block-heading\">M\u00e4rkte du en brist i tillg\u00e4ngligheten i v\u00e5r digitala tj\u00e4nst?<\/h3>\n\n\n\n<p>G\u00f6r oss uppm\u00e4rksamma p\u00e5 bristen s\u00e5 g\u00f6r vi v\u00e5rt b\u00e4sta f\u00f6r att \u00e5tg\u00e4rda den.<\/p>\n\n\n\n<h3 class=\"wp-block-heading\" id=\"per-e-post\">Per e-post<\/h3>\n\n\n\n<p>Skicka respons till adressen verkkosisallot(at)uniarts.fi. Vi svarar dig s\u00e5 fort som m\u00f6jligt.<\/p>\n\n\n\n<h2 class=\"wp-block-heading\">Tillsynsmyndighet<\/h2>\n\n\n\n<p>Om du uppt\u00e4cker tillg\u00e4nglighetsproblem p\u00e5 webbplatsen ska du f\u00f6rst skicka respons till oss, det vill s\u00e4ga administrat\u00f6ren. Det kan dr\u00f6ja 14 dagar innan svaret kommer. Om du inte \u00e4r n\u00f6jd med svaret eller inte alls f\u00e5r svar inom tv\u00e5 veckor kan du g\u00f6ra en anm\u00e4lan till Transport- och kommunikationsverket Traficom.<\/p>\n\n\n\n<h3 class=\"wp-block-heading\">Tillsynsmyndighetens kontaktuppgifter<\/h3>\n\n\n\n<p>Transport- och kommunikationsverket Traficom<br>Enheten f\u00f6r tillsyn \u00f6ver digital tillg\u00e4nglighet<br>www.tillganglighetskrav.fi<br>tillganglighet(at)traficom.fi<br>telefonnummer v\u00e4xeln 029 534 5000<\/p>\n","protected":false},"excerpt":{"rendered":"<p>Detta tillg\u00e4nglighetsutl\u00e5tande g\u00e4ller webbplatsen disco.teak.fi\/teatteri\/sv och har utarbetats 17.11.2025. Den digitala tj\u00e4nstens webbtillg\u00e4nglighet Uppfyller de [&hellip;]<\/p>\n","protected":false},"author":2,"featured_media":0,"parent":0,"menu_order":0,"comment_status":"closed","ping_status":"closed","template":"","meta":{"footnotes":""},"class_list":["post-2232","page","type-page","status-publish","hentry"],"_links":{"self":[{"href":"https:\/\/disco.teak.fi\/teatteri\/sv\/wp-json\/wp\/v2\/pages\/2232","targetHints":{"allow":["GET"]}}],"collection":[{"href":"https:\/\/disco.teak.fi\/teatteri\/sv\/wp-json\/wp\/v2\/pages"}],"about":[{"href":"https:\/\/disco.teak.fi\/teatteri\/sv\/wp-json\/wp\/v2\/types\/page"}],"author":[{"embeddable":true,"href":"https:\/\/disco.teak.fi\/teatteri\/sv\/wp-json\/wp\/v2\/users\/2"}],"replies":[{"embeddable":true,"href":"https:\/\/disco.teak.fi\/teatteri\/sv\/wp-json\/wp\/v2\/comments?post=2232"}],"version-history":[{"count":3,"href":"https:\/\/disco.teak.fi\/teatteri\/sv\/wp-json\/wp\/v2\/pages\/2232\/revisions"}],"predecessor-version":[{"id":2602,"href":"https:\/\/disco.teak.fi\/teatteri\/sv\/wp-json\/wp\/v2\/pages\/2232\/revisions\/2602"}],"wp:attachment":[{"href":"https:\/\/disco.teak.fi\/teatteri\/sv\/wp-json\/wp\/v2\/media?parent=2232"}],"curies":[{"name":"wp","href":"https:\/\/api.w.org\/{rel}","templated":true}]}}