{"id":2237,"date":"2025-11-17T16:01:39","date_gmt":"2025-11-17T13:01:39","guid":{"rendered":"https:\/\/dev.wrkshp.fi\/teatteri\/?page_id=2237"},"modified":"2026-01-07T15:38:16","modified_gmt":"2026-01-07T13:38:16","slug":"integritetspolicy","status":"publish","type":"page","link":"https:\/\/disco.teak.fi\/teatteri\/sv\/integritetspolicy\/","title":{"rendered":"Integritetspolicy"},"content":{"rendered":"\n<h2 class=\"wp-block-heading\">Vem vi \u00e4r<\/h2>\n\n\n\n<p>Webbplatsens adress \u00e4r&nbsp;https:\/\/disco.teak.fi\/teatteri\/sv.<\/p>\n\n\n\n<h2 class=\"wp-block-heading\">Vilka personuppgifter vi samlar in och varf\u00f6r<\/h2>\n\n\n\n<p>Vi samlar inte in n\u00e5gra personuppgifter. Bes\u00f6kare kan inte kommentera eller ladda upp bilder p\u00e5 denna webbplats.<\/p>\n\n\n\n<h2 class=\"wp-block-heading\">Cookies<\/h2>\n\n\n\n<p>Webbplatsen anv\u00e4nder en n\u00f6dv\u00e4ndig cookie f\u00f6r att lagra anv\u00e4ndarens valda spr\u00e5kinst\u00e4llning. Cookien g\u00f6r det m\u00f6jligt att visa webbplatsens inneh\u00e5ll p\u00e5 det spr\u00e5k som anv\u00e4ndaren har valt och anv\u00e4nds inte f\u00f6r n\u00e5got annat \u00e4ndam\u00e5l.<\/p>\n\n\n\n<h2 class=\"wp-block-heading\">Inb\u00e4ddat inneh\u00e5ll fr\u00e5n andra webbplatser<\/h2>\n\n\n\n<p>Denna webbplats inneh\u00e5ller inget inb\u00e4ddat inneh\u00e5ll fr\u00e5n andra webbplatser.<\/p>\n\n\n\n<h2 class=\"wp-block-heading\">Analys<\/h2>\n\n\n\n<p>Vi anv\u00e4nder ingen bes\u00f6karstatistik eller sp\u00e5rning p\u00e5 v\u00e5r webbplats.<\/p>\n","protected":false},"excerpt":{"rendered":"<p>Vem vi \u00e4r Webbplatsens adress \u00e4r&nbsp;https:\/\/disco.teak.fi\/teatteri\/sv. Vilka personuppgifter vi samlar in och varf\u00f6r Vi samlar [&hellip;]<\/p>\n","protected":false},"author":2,"featured_media":0,"parent":0,"menu_order":0,"comment_status":"closed","ping_status":"closed","template":"","meta":{"footnotes":""},"class_list":["post-2237","page","type-page","status-publish","hentry"],"_links":{"self":[{"href":"https:\/\/disco.teak.fi\/teatteri\/sv\/wp-json\/wp\/v2\/pages\/2237","targetHints":{"allow":["GET"]}}],"collection":[{"href":"https:\/\/disco.teak.fi\/teatteri\/sv\/wp-json\/wp\/v2\/pages"}],"about":[{"href":"https:\/\/disco.teak.fi\/teatteri\/sv\/wp-json\/wp\/v2\/types\/page"}],"author":[{"embeddable":true,"href":"https:\/\/disco.teak.fi\/teatteri\/sv\/wp-json\/wp\/v2\/users\/2"}],"replies":[{"embeddable":true,"href":"https:\/\/disco.teak.fi\/teatteri\/sv\/wp-json\/wp\/v2\/comments?post=2237"}],"version-history":[{"count":2,"href":"https:\/\/disco.teak.fi\/teatteri\/sv\/wp-json\/wp\/v2\/pages\/2237\/revisions"}],"predecessor-version":[{"id":2604,"href":"https:\/\/disco.teak.fi\/teatteri\/sv\/wp-json\/wp\/v2\/pages\/2237\/revisions\/2604"}],"wp:attachment":[{"href":"https:\/\/disco.teak.fi\/teatteri\/sv\/wp-json\/wp\/v2\/media?parent=2237"}],"curies":[{"name":"wp","href":"https:\/\/api.w.org\/{rel}","templated":true}]}}