{"id":2235,"date":"2025-11-17T16:00:43","date_gmt":"2025-11-17T13:00:43","guid":{"rendered":"https:\/\/dev.wrkshp.fi\/teatteri\/?page_id=2235"},"modified":"2026-01-07T15:37:37","modified_gmt":"2026-01-07T13:37:37","slug":"tietosuojaseloste","status":"publish","type":"page","link":"https:\/\/disco.teak.fi\/teatteri\/tietosuojaseloste\/","title":{"rendered":"Tietosuojaseloste"},"content":{"rendered":"\n<h2 class=\"wp-block-heading\">Keit\u00e4 olemme<\/h2>\n\n\n\n<p>Verkkosivuston osoite on https:\/\/disco.teak.fi\/teatteri.<\/p>\n\n\n\n<h2 class=\"wp-block-heading\">Mit\u00e4 henkil\u00f6tietoa ker\u00e4\u00e4mme ja miksi<\/h2>\n\n\n\n<p>Emme ker\u00e4\u00e4 henkil\u00f6tietoja. Vierailijat eiv\u00e4t voi kommentoida tai ladata kuvia t\u00e4lle sivustolle.&nbsp;<\/p>\n\n\n\n<h2 class=\"wp-block-heading\">Ev\u00e4steet&nbsp;<\/h2>\n\n\n\n<p>Sivusto k\u00e4ytt\u00e4\u00e4 v\u00e4ltt\u00e4m\u00e4t\u00f6nt\u00e4 ev\u00e4stett\u00e4 k\u00e4ytt\u00e4j\u00e4n valitseman kieliasetuksen tallentamiseen. Ev\u00e4ste mahdollistaa sivuston sis\u00e4ll\u00f6n n\u00e4ytt\u00e4misen k\u00e4ytt\u00e4j\u00e4n valitsemalla kielell\u00e4 eik\u00e4 sit\u00e4 k\u00e4ytet\u00e4 muihin tarkoituksiin.<\/p>\n\n\n\n<h2 class=\"wp-block-heading\">Upotettu sis\u00e4lt\u00f6 muilta verkkosivustoilta&nbsp;<\/h2>\n\n\n\n<p>T\u00e4ll\u00e4 sivustolla on ei ole upotettua sis\u00e4lt\u00f6\u00e4 muilta verkkosivuilta.<\/p>\n\n\n\n<h2 class=\"wp-block-heading\">Analytiikka<\/h2>\n\n\n\n<p>Emme tee k\u00e4vij\u00e4seurantaa sivustollamme.<\/p>\n","protected":false},"excerpt":{"rendered":"<p>Keit\u00e4 olemme Verkkosivuston osoite on https:\/\/disco.teak.fi\/teatteri. Mit\u00e4 henkil\u00f6tietoa ker\u00e4\u00e4mme ja miksi Emme ker\u00e4\u00e4 henkil\u00f6tietoja. Vierailijat [&hellip;]<\/p>\n","protected":false},"author":2,"featured_media":0,"parent":0,"menu_order":0,"comment_status":"closed","ping_status":"closed","template":"","meta":{"footnotes":""},"class_list":["post-2235","page","type-page","status-publish","hentry"],"_links":{"self":[{"href":"https:\/\/disco.teak.fi\/teatteri\/wp-json\/wp\/v2\/pages\/2235","targetHints":{"allow":["GET"]}}],"collection":[{"href":"https:\/\/disco.teak.fi\/teatteri\/wp-json\/wp\/v2\/pages"}],"about":[{"href":"https:\/\/disco.teak.fi\/teatteri\/wp-json\/wp\/v2\/types\/page"}],"author":[{"embeddable":true,"href":"https:\/\/disco.teak.fi\/teatteri\/wp-json\/wp\/v2\/users\/2"}],"replies":[{"embeddable":true,"href":"https:\/\/disco.teak.fi\/teatteri\/wp-json\/wp\/v2\/comments?post=2235"}],"version-history":[{"count":2,"href":"https:\/\/disco.teak.fi\/teatteri\/wp-json\/wp\/v2\/pages\/2235\/revisions"}],"predecessor-version":[{"id":2603,"href":"https:\/\/disco.teak.fi\/teatteri\/wp-json\/wp\/v2\/pages\/2235\/revisions\/2603"}],"wp:attachment":[{"href":"https:\/\/disco.teak.fi\/teatteri\/wp-json\/wp\/v2\/media?parent=2235"}],"curies":[{"name":"wp","href":"https:\/\/api.w.org\/{rel}","templated":true}]}}