{"id":2469,"date":"2025-11-10T15:16:05","date_gmt":"2025-11-10T12:16:05","guid":{"rendered":"https:\/\/dev.wrkshp.fi\/tila\/?page_id=2469"},"modified":"2026-01-07T15:26:35","modified_gmt":"2026-01-07T13:26:35","slug":"tietosuojaseloste","status":"publish","type":"page","link":"https:\/\/disco.teak.fi\/tila\/tietosuojaseloste\/","title":{"rendered":"Tietosuojaseloste"},"content":{"rendered":"<h2 class=\"wp-block-heading\">Keit&auml; olemme<\/h2>\n\n\n\n<p>Verkkosivuston osoite on https:\/\/disco.teak.fi\/tila.<\/p>\n\n\n\n<h2 class=\"wp-block-heading\">Mit&auml; henkil&ouml;tietoa ker&auml;&auml;mme ja miksi<\/h2>\n\n\n\n<p>Emme ker&auml;&auml; henkil&ouml;tietoja. Vierailijat eiv&auml;t voi kommentoida tai ladata kuvia t&auml;lle sivustolle.&nbsp;<\/p>\n\n\n\n<h2 class=\"wp-block-heading\">Ev&auml;steet&nbsp;<\/h2>\n\n\n\n<p>Sivusto k&auml;ytt&auml;&auml; v&auml;ltt&auml;m&auml;t&ouml;nt&auml; ev&auml;stett&auml; k&auml;ytt&auml;j&auml;n valitseman kieliasetuksen tallentamiseen. Ev&auml;ste mahdollistaa sivuston sis&auml;ll&ouml;n n&auml;ytt&auml;misen k&auml;ytt&auml;j&auml;n valitsemalla kielell&auml; eik&auml; sit&auml; k&auml;ytet&auml; muihin tarkoituksiin.<\/p>\n\n\n\n<h2 class=\"wp-block-heading\">Upotettu sis&auml;lt&ouml; muilta verkkosivustoilta&nbsp;<\/h2>\n\n\n\n<p>T&auml;ll&auml; sivustolla on ei ole upotettua sis&auml;lt&ouml;&auml; muilta verkkosivuilta.<\/p>\n\n\n\n<h2 class=\"wp-block-heading\">Analytiikka<\/h2>\n\n\n\n<p>Emme tee k&auml;vij&auml;seurantaa sivustollamme.<\/p>\n","protected":false},"excerpt":{"rendered":"<p>Keit\u00e4 olemme Verkkosivuston osoite on https:\/\/disco.teak.fi\/tila. Mit\u00e4 henkil\u00f6tietoa ker\u00e4\u00e4mme ja miksi Emme ker\u00e4\u00e4 henkil\u00f6tietoja. Vierailijat [&hellip;]<\/p>\n","protected":false},"author":2,"featured_media":0,"parent":0,"menu_order":0,"comment_status":"closed","ping_status":"closed","template":"","meta":{"footnotes":""},"class_list":["post-2469","page","type-page","status-publish","hentry"],"_links":{"self":[{"href":"https:\/\/disco.teak.fi\/tila\/wp-json\/wp\/v2\/pages\/2469","targetHints":{"allow":["GET"]}}],"collection":[{"href":"https:\/\/disco.teak.fi\/tila\/wp-json\/wp\/v2\/pages"}],"about":[{"href":"https:\/\/disco.teak.fi\/tila\/wp-json\/wp\/v2\/types\/page"}],"author":[{"embeddable":true,"href":"https:\/\/disco.teak.fi\/tila\/wp-json\/wp\/v2\/users\/2"}],"replies":[{"embeddable":true,"href":"https:\/\/disco.teak.fi\/tila\/wp-json\/wp\/v2\/comments?post=2469"}],"version-history":[{"count":2,"href":"https:\/\/disco.teak.fi\/tila\/wp-json\/wp\/v2\/pages\/2469\/revisions"}],"predecessor-version":[{"id":2650,"href":"https:\/\/disco.teak.fi\/tila\/wp-json\/wp\/v2\/pages\/2469\/revisions\/2650"}],"wp:attachment":[{"href":"https:\/\/disco.teak.fi\/tila\/wp-json\/wp\/v2\/media?parent=2469"}],"curies":[{"name":"wp","href":"https:\/\/api.w.org\/{rel}","templated":true}]}}